{"id":6,"date":"2020-04-12T02:13:30","date_gmt":"2020-04-12T02:13:30","guid":{"rendered":"https:\/\/radiotaxi470000.com\/w\/?page_id=6"},"modified":"2026-01-28T22:53:42","modified_gmt":"2026-01-28T22:53:42","slug":"inicio","status":"publish","type":"page","link":"https:\/\/radiotaxi470000.com\/w\/","title":{"rendered":"Inicio"},"content":{"rendered":"<p>[et_pb_section fb_built=\u00bb1&#8243; fullwidth=\u00bbon\u00bb _builder_version=\u00bb4.4.1&#8243;][et_pb_fullwidth_header title=\u00bbSu taxi al instante 24h\/365d\u00bb text_orientation=\u00bbcenter\u00bb button_one_text=\u00bb986 47 00 00&#8243; button_one_url=\u00bbhttps:\/\/web.whatsapp.com\/send?phone=34647470047&#038;text=\u00bb background_overlay_color=\u00bbrgba(43,43,43,0.37)\u00bb logo_image_url=\u00bbhttps:\/\/radiotaxi470000.com\/w\/wp-content\/uploads\/2020\/04\/logo-Taxi-peq.png\u00bb _builder_version=\u00bb4.4.1&#8243; title_font=\u00bb|700||on|||||\u00bb title_text_align=\u00bbcenter\u00bb title_font_size=\u00bb34px\u00bb subhead_text_align=\u00bbcenter\u00bb subhead_font_size=\u00bb26px\u00bb background_color=\u00bb#939393&#8243; background_color_gradient_direction=\u00bb90deg\u00bb background_image=\u00bbhttps:\/\/radiotaxi470000.com\/w\/wp-content\/uploads\/2020\/04\/taxiradiofront5.jpg\u00bb parallax=\u00bbon\u00bb custom_button_one=\u00bbon\u00bb button_one_text_size=\u00bb22px\u00bb button_one_bg_color=\u00bb#c62118&#8243; button_one_border_width=\u00bb0px\u00bb button_one_border_radius=\u00bb14px\u00bb button_one_letter_spacing=\u00bb0px\u00bb button_one_font=\u00bb|800|||||||\u00bb button_one_icon=\u00bb%%264%%\u00bb button_one_custom_margin=\u00bb32px||||false|false\u00bb button_one_custom_padding=\u00bb|||26px|false|false\u00bb custom_button_two=\u00bbon\u00bb button_two_border_width=\u00bb0px\u00bb button_two_font=\u00bb|700|||||||\u00bb background_last_edited=\u00bbon|desktop\u00bb background_image_tablet=\u00bbhttps:\/\/radiotaxi470000.com\/w\/wp-content\/uploads\/2020\/04\/taxiradiofront3-1.jpg\u00bb background_enable_image_tablet=\u00bbon\u00bb title_text_shadow_style=\u00bbpreset1&#8243; border_radii_image=\u00bboff|6px|6px|6px|6px\u00bb][\/et_pb_fullwidth_header][\/et_pb_section][et_pb_section fb_built=\u00bb1&#8243; _builder_version=\u00bb4.4.1&#8243; custom_padding=\u00bb||0px|||\u00bb][et_pb_row column_structure=\u00bb1_3,1_3,1_3&#8243; _builder_version=\u00bb4.4.1&#8243;][et_pb_column type=\u00bb1_3&#8243; _builder_version=\u00bb4.4.1&#8243;][et_pb_blurb title=\u00bbNosotros\u00bb use_icon=\u00bbon\u00bb font_icon=\u00bb%%259%%\u00bb icon_color=\u00bb#c62118&#8243; _builder_version=\u00bb4.4.1&#8243; header_level=\u00bbh3&#8243; header_font=\u00bb|800||on|||||\u00bb header_text_align=\u00bbcenter\u00bb]<\/p>\n<p>Creada en 1981,<span>\u00a0<\/span><span style=\"color: #c62118;\"><strong>CENTRAL RADIO TAXI 47 00 00<\/strong><\/span>, es una cooperativa formada por m\u00e1s de 400 taxistas, de los 553 habilitados en la ciudad de Vigo, siendo la central m\u00e1s grande de la ciudad.<\/p>\n<p>&nbsp;<\/p>\n<p>Nuestro prop\u00f3sito es dar el mejor servicio y de m\u00e1s calidad al mismo precio, con el gran objetivo de satisfacer a nuestros clientes 24 horas al d\u00eda y 365 d\u00edas al a\u00f1o<\/p>\n<p>&nbsp;<\/p>\n<p>Garantizamos el servicio m\u00e1s r\u00e1pido, seguro y c\u00f3modo posible.<\/p>\n<p>[\/et_pb_blurb][\/et_pb_column][et_pb_column type=\u00bb1_3&#8243; _builder_version=\u00bb4.4.1&#8243;][et_pb_blurb title=\u00bbCaracter\u00edsticas\u00bb use_icon=\u00bbon\u00bb font_icon=\u00bb%%290%%\u00bb icon_color=\u00bb#c62118&#8243; _builder_version=\u00bb4.4.1&#8243; header_level=\u00bbh3&#8243; header_font=\u00bb|800||on|||||\u00bb header_text_align=\u00bbcenter\u00bb]<\/p>\n<p>Mantenemos unos est\u00e1ndares altos de calidad de servicio gracias a:<\/p>\n<p>&nbsp;<\/p>\n<ul>\n<li>Formaci\u00f3n continuada de nuestros conductores<\/li>\n<li>Una moderna flota de veh\u00edculos<\/li>\n<li>Uso de la m\u00e1s eficiente tecnolog\u00eda en gesti\u00f3n de flotas en combinaci\u00f3n con el uso de GPS+GPRS<\/li>\n<li>Incorporaci\u00f3n de diversas modalidades de pago<\/li>\n<li>Gesti\u00f3n transparente de incidencias y quejas<\/li>\n<\/ul>\n<p>[\/et_pb_blurb][\/et_pb_column][et_pb_column type=\u00bb1_3&#8243; _builder_version=\u00bb4.4.1&#8243;][et_pb_blurb title=\u00bbEspecialistas\u00bb use_icon=\u00bbon\u00bb font_icon=\u00bb%%239%%\u00bb icon_color=\u00bb#c62118&#8243; _builder_version=\u00bb4.4.1&#8243; header_level=\u00bbh3&#8243; header_font=\u00bb|800||on|||||\u00bb header_text_align=\u00bbcenter\u00bb]<\/p>\n<p>Radio Taxi 47 00 00 puede atender m\u00e1s r\u00e1pido y proporcionarle el taxi que se adapte a sus necesidades<\/p>\n<ul>\n<li><span style=\"color: #c62118;\"><strong>Servicios ordinarios:<\/strong><\/span><br \/> Urbanos, provinciales, programados, regulares &#8230;<\/li>\n<li><span style=\"color: #c62118;\"><strong>Servicios especiales:<\/strong><\/span><br \/> Eventos, turismo, paqueter\u00eda, encargos, especiales &#8230;<\/li>\n<li><span style=\"color: #c62118;\"><strong>Servicios abonados:<\/strong><\/span><br \/> Facturaci\u00f3n, gesti\u00f3n usuarios, rutas habituales &#8230;<\/li>\n<\/ul>\n<p>Si usted tiene alguna consulta, no dude en ponerse en contacto con nosotros, estaremos encantados de atenderle.<\/p>\n<p>[\/et_pb_blurb][\/et_pb_column][\/et_pb_row][\/et_pb_section][et_pb_section fb_built=\u00bb1&#8243; fullwidth=\u00bbon\u00bb _builder_version=\u00bb4.4.1&#8243;][et_pb_fullwidth_header title=\u00bbEn RadioTaxi\u00bb subhead=\u00bb47 00 00&#8243; text_orientation=\u00bbcenter\u00bb button_one_text=\u00bbSolicitar Servicio\u00bb button_one_url=\u00bbhttps:\/\/radiotaxi470000.com\/w\/solicitar-servicio\/\u00bb image_orientation=\u00bbbottom\u00bb _builder_version=\u00bb4.4.1&#8243; title_font=\u00bb|800||on|||||\u00bb title_text_align=\u00bbcenter\u00bb title_font_size=\u00bb52px\u00bb content_line_height=\u00bb1.9em\u00bb subhead_font=\u00bb|800|||||||\u00bb subhead_text_align=\u00bbcenter\u00bb subhead_font_size=\u00bb37px\u00bb subhead_letter_spacing=\u00bb2px\u00bb subhead_line_height=\u00bb1.2em\u00bb background_color=\u00bb#2b2b2b\u00bb use_background_color_gradient=\u00bbon\u00bb background_color_gradient_start=\u00bbrgba(43,43,43,0.3)\u00bb background_color_gradient_end=\u00bbrgba(198,33,24,0.22)\u00bb background_image=\u00bbhttps:\/\/radiotaxi470000.com\/w\/wp-content\/uploads\/2020\/04\/taxiradiofront3.jpg\u00bb parallax=\u00bbon\u00bb custom_button_one=\u00bbon\u00bb button_one_bg_color=\u00bb#c62118&#8243; button_one_border_width=\u00bb0px\u00bb button_one_border_radius=\u00bb7px\u00bb button_one_font=\u00bb|800||on|||||\u00bb custom_padding=\u00bb0px||114px|||\u00bb link_option_url_new_window=\u00bbon\u00bb background_last_edited=\u00bbon|desktop\u00bb title_text_shadow_style=\u00bbpreset4&#8243; title_text_shadow_color=\u00bb#2b2b2b\u00bb content_text_shadow_style=\u00bbpreset4&#8243; content_text_shadow_color=\u00bb#2b2b2b\u00bb subhead_text_shadow_style=\u00bbpreset4&#8243; subhead_text_shadow_color=\u00bb#c62118&#8243; border_radii_image=\u00bboff||||76px\u00bb text_shadow_style=\u00bbpreset4&#8243; text_shadow_color=\u00bb#2b2b2b\u00bb]<\/p>\n<h2 class=\"text-center\">Nos comprometemos con el cliente<\/h2>\n<h2 class=\"text-center lato slideInUp animate\"><strong>Disponemos de\u00a0taxis adaptados para personas con movilidad reducida<\/strong><\/h2>\n<p>[\/et_pb_fullwidth_header][\/et_pb_section][et_pb_section fb_built=\u00bb1&#8243; _builder_version=\u00bb4.4.1&#8243; custom_margin=\u00bb-30px|||||\u00bb][et_pb_row column_structure=\u00bb1_3,1_3,1_3&#8243; _builder_version=\u00bb4.4.1&#8243; width=\u00bb93.7%\u00bb global_module=\u00bb181&#8243; saved_tabs=\u00bball\u00bb][et_pb_column type=\u00bb1_3&#8243; _builder_version=\u00bb4.4.1&#8243;][et_pb_blurb title=\u00bbVeh\u00edculos Est\u00e1ndar\u00bb image=\u00bbhttps:\/\/radiotaxi470000.com\/w\/wp-content\/uploads\/2026\/01\/518.jpeg\u00bb _builder_version=\u00bb4.4.1&#8243; header_level=\u00bbh3&#8243; header_font=\u00bb|800||on|||||\u00bb header_text_align=\u00bbcenter\u00bb header_text_color=\u00bb#c62118&#8243; border_radii_image=\u00bboff|20px|20px||\u00bb]<\/p>\n<p style=\"text-align: justify;\"><span><\/span><\/p>\n<p style=\"text-align: justify;\"><span>Contamos con una amplia flota disponible las 24 horas del d\u00eda en las paradas o por teleconcertaci\u00f3n telef\u00f3nica. Los veh\u00edculos m\u00e1s modernos, con el m\u00e1ximo confort y seguridad para nuestros clientes.<\/span><\/p>\n<p>[\/et_pb_blurb][et_pb_blurb title=\u00bbVeh\u00edculos +6 Plazas\u00bb image=\u00bbhttps:\/\/radiotaxi470000.com\/w\/wp-content\/uploads\/2026\/01\/222-1.png\u00bb _builder_version=\u00bb4.4.1&#8243; header_level=\u00bbh3&#8243; header_font=\u00bb|800||on|||||\u00bb header_text_align=\u00bbcenter\u00bb header_text_color=\u00bb#c62118&#8243; border_radii_image=\u00bboff|20px|20px||\u00bb]<\/p>\n<p style=\"text-align: justify;\"><span><\/span><\/p>\n<p style=\"text-align: justify;\"><span>Especiales para servicios al aeropuerto, desplazamientos con equipaje o grupos de hasta 6 personas.<\/span><\/p>\n<p>[\/et_pb_blurb][\/et_pb_column][et_pb_column type=\u00bb1_3&#8243; _builder_version=\u00bb4.4.1&#8243;][et_pb_blurb title=\u00bbVeh\u00edculos de Gama Alta\u00bb image=\u00bbhttps:\/\/radiotaxi470000.com\/w\/wp-content\/uploads\/2026\/01\/51.png\u00bb _builder_version=\u00bb4.4.1&#8243; header_level=\u00bbh3&#8243; header_font=\u00bb|800||on|||||\u00bb header_text_align=\u00bbcenter\u00bb header_text_color=\u00bb#c62118&#8243; border_radii_image=\u00bboff|20px|20px||\u00bb]<\/p>\n<p style=\"text-align: justify;\"><span>Disponemos de un amplio abanico de veh\u00edculos de primeras marcas que har\u00e1n m\u00e1s agradables sus viajes. Entre otros modelos y marcas disponemos de Mercedes Benz, Volkswagen, Audi y Tesla.<\/span><\/p>\n<p>[\/et_pb_blurb][et_pb_blurb title=\u00bbVeh\u00edculos Eurotaxi\u00bb image=\u00bbhttps:\/\/radiotaxi470000.com\/w\/wp-content\/uploads\/2021\/10\/eurotaxi.jpg\u00bb _builder_version=\u00bb4.4.1&#8243; header_level=\u00bbh3&#8243; header_font=\u00bb|800||on|||||\u00bb header_text_align=\u00bbcenter\u00bb header_text_color=\u00bb#c62118&#8243; border_radii_image=\u00bboff|20px|20px||\u00bb]<\/p>\n<p style=\"text-align: justify;\"><span>Disponemos de taxis adaptados para el transporte de personas con movilidad reducida, con rampa autom\u00e1tica para que los usuarios accedan con sillas de ruedas.<\/span><\/p>\n<p>[\/et_pb_blurb][\/et_pb_column][et_pb_column type=\u00bb1_3&#8243; _builder_version=\u00bb4.4.1&#8243;][et_pb_blurb title=\u00bbVeh\u00edculos Monovolumen\u00bb image=\u00bbhttps:\/\/radiotaxi470000.com\/w\/wp-content\/uploads\/2026\/01\/monovolumen.png\u00bb _builder_version=\u00bb4.4.1&#8243; header_level=\u00bbh3&#8243; header_font=\u00bb|800||on|||||\u00bb header_text_align=\u00bbcenter\u00bb header_text_color=\u00bb#c62118&#8243; border_radii_image=\u00bboff|20px|20px||\u00bb]<\/p>\n<p style=\"text-align: justify;\"><span>Veh\u00edculos de gran capacidad de carga en el maletero y extraordinario confort interno, especialmente indicado para el transporte de personas mayores, compras de gran tama\u00f1o, etc.<\/span><\/p>\n<p>[\/et_pb_blurb][et_pb_blurb title=\u00bbVeh\u00edculos H\u00edbridos\u00bb image=\u00bbhttps:\/\/radiotaxi470000.com\/w\/wp-content\/uploads\/2026\/01\/243.jpeg\u00bb _builder_version=\u00bb4.4.1&#8243; header_level=\u00bbh3&#8243; header_font=\u00bb|800||on|||||\u00bb header_text_align=\u00bbcenter\u00bb header_text_color=\u00bb#c62118&#8243; border_radii_image=\u00bboff|20px|20px||\u00bb]<\/p>\n<p style=\"text-align: justify;\"><span>En consonancia con las nuevas tecnolog\u00edas, cada vez m\u00e1s taxis son h\u00edbridos, respetuosos con el medio ambiente y al producir menos ruidos son m\u00e1s c\u00f3modos para nuestros clientes.<\/span><\/p>\n<p>[\/et_pb_blurb][\/et_pb_column][\/et_pb_row][\/et_pb_section][et_pb_section fb_built=\u00bb1&#8243; fullwidth=\u00bbon\u00bb _builder_version=\u00bb4.4.1&#8243;][et_pb_fullwidth_header title=\u00bbDeje programado aqu\u00ed su taxi\u00bb text_orientation=\u00bbcenter\u00bb header_image_url=\u00bbhttps:\/\/radiotaxi470000.com\/w\/wp-content\/uploads\/2020\/04\/llamar_logo.png\u00bb _builder_version=\u00bb4.4.1&#8243; title_font=\u00bb|800|||||||\u00bb title_font_size=\u00bb37px\u00bb background_color=\u00bb#2b2b2b\u00bb min_height=\u00bb497px\u00bb custom_margin=\u00bb||-47px|||\u00bb custom_padding=\u00bb0px||0px|||\u00bb]<\/p>\n<h3 class=\"text-center lato slideInUp animate\">Ya sea por una cita m\u00e9dica, o necesitas que le lleven o recojan a cualquier estaci\u00f3n de tren, bus o aeropuerto, nuestros taxis estar\u00e1n<span>\u00a0<\/span><strong>esper\u00e1ndolo<\/strong>.<\/h3>\n<p>[\/et_pb_fullwidth_header][\/et_pb_section][et_pb_section fb_built=\u00bb1&#8243; _builder_version=\u00bb4.4.1&#8243; background_color=\u00bb#2b2b2b\u00bb custom_padding=\u00bb4px||0px|||\u00bb][et_pb_row _builder_version=\u00bb4.4.1&#8243;][et_pb_column type=\u00bb4_4&#8243; _builder_version=\u00bb4.4.1&#8243;][et_pb_image src=\u00bbhttps:\/\/radiotaxi470000.com\/w\/wp-content\/uploads\/2020\/04\/CAIXABANK.jpg\u00bb url=\u00bbhttps:\/\/radiotaxi470000.com\/w\/wp-content\/uploads\/2020\/04\/convenio.pdf\u00bb url_new_window=\u00bbon\u00bb _builder_version=\u00bb4.4.1&#8243; width=\u00bb29%\u00bb max_width=\u00bb84%\u00bb module_alignment=\u00bbcenter\u00bb][\/et_pb_image][\/et_pb_column][\/et_pb_row][\/et_pb_section][et_pb_section fb_built=\u00bb1&#8243; fullwidth=\u00bbon\u00bb disabled_on=\u00bbon|on|on\u00bb _builder_version=\u00bb4.4.1&#8243; disabled=\u00bbon\u00bb][et_pb_fullwidth_header title=\u00bbTambi\u00e9n puede hacerlo a trav\u00e9s de la aplicaci\u00f3n m\u00f3vil pidetaxi\u00bb text_orientation=\u00bbcenter\u00bb header_image_url=\u00bbhttps:\/\/radiotaxi470000.com\/w\/wp-content\/uploads\/2020\/04\/pidetaxi.jpg\u00bb image_orientation=\u00bbbottom\u00bb _builder_version=\u00bb4.4.1&#8243; title_text_align=\u00bbcenter\u00bb background_color=\u00bb#2b2b2b\u00bb transform_scale=\u00bb102%|102%\u00bb custom_padding=\u00bb12px|||||\u00bb link_option_url=\u00bbhttps:\/\/pidetaxi.es\/apps\u00bb link_option_url_new_window=\u00bbon\u00bb][\/et_pb_fullwidth_header][\/et_pb_section][et_pb_section fb_built=\u00bb1&#8243; _builder_version=\u00bb4.4.1&#8243; min_height=\u00bb286px\u00bb][et_pb_row column_structure=\u00bb1_3,1_3,1_3&#8243; _builder_version=\u00bb4.4.1&#8243;][et_pb_column type=\u00bb1_3&#8243; _builder_version=\u00bb4.4.1&#8243;][et_pb_text _builder_version=\u00bb4.4.1&#8243;]<\/p>\n<h3><strong><img loading=\"lazy\" decoding=\"async\" src=\"https:\/\/radiotaxi470000.com\/w\/wp-content\/uploads\/2020\/04\/addressicon.png\" width=\"22\" height=\"21\" alt=\"\" class=\"wp-image-242 alignnone size-full\" srcset=\"https:\/\/radiotaxi470000.com\/w\/wp-content\/uploads\/2020\/04\/addressicon.png 32w, https:\/\/radiotaxi470000.com\/w\/wp-content\/uploads\/2020\/04\/addressicon-24x24.png 24w\" sizes=\"auto, (max-width: 22px) 100vw, 22px\" \/>Direcci\u00f3n<\/strong><br \/> <span>\u00a0 \u00a0 \u00a0C\/ Josefa Estarque Vila 7 bajo<\/span><br \/> <span>\u00a0 \u00a0 \u00a036204 Vigo<\/span><\/h3>\n<p>[\/et_pb_text][\/et_pb_column][et_pb_column type=\u00bb1_3&#8243; _builder_version=\u00bb4.4.1&#8243;][et_pb_social_media_follow use_icon_font_size=\u00bbon\u00bb icon_font_size=\u00bb30px\u00bb _builder_version=\u00bb4.4.1&#8243; custom_button=\u00bbon\u00bb button_text_size=\u00bb18px\u00bb text_orientation=\u00bbcenter\u00bb hover_enabled=\u00bb0&#8243;][et_pb_social_media_follow_network social_network=\u00bbfacebook\u00bb url=\u00bbhttps:\/\/es-es.facebook.com\/radiotaxi470000\/\u00bb _builder_version=\u00bb4.4.1&#8243; background_color=\u00bb#3b5998&#8243; follow_button=\u00bboff\u00bb url_new_window=\u00bbon\u00bb]facebook[\/et_pb_social_media_follow_network][et_pb_social_media_follow_network social_network=\u00bbtwitter\u00bb _builder_version=\u00bb4.4.1&#8243; background_color=\u00bb#00aced\u00bb hover_enabled=\u00bb0&#8243; follow_button=\u00bboff\u00bb url_new_window=\u00bbon\u00bb]twitter[\/et_pb_social_media_follow_network][et_pb_social_media_follow_network social_network=\u00bbinstagram\u00bb url=\u00bbhttps:\/\/www.instagram.com\/radiotaxi470000?igsh=Z21nOXlwcXoxYm9r&#038;utm_source=qr\u00bb _builder_version=\u00bb4.4.1&#8243; background_color=\u00bb#ea2c59&#8243; hover_enabled=\u00bb0&#8243; follow_button=\u00bboff\u00bb url_new_window=\u00bbon\u00bb]instagram[\/et_pb_social_media_follow_network][\/et_pb_social_media_follow][\/et_pb_column][et_pb_column type=\u00bb1_3&#8243; _builder_version=\u00bb4.4.1&#8243;][et_pb_text _builder_version=\u00bb4.4.1&#8243; text_font=\u00bb|700|||||||\u00bb text_font_size=\u00bb18px\u00bb]<\/p>\n<p><img loading=\"lazy\" decoding=\"async\" src=\"https:\/\/radiotaxi470000.com\/w\/wp-content\/uploads\/2020\/04\/emailicon.png\" width=\"43\" height=\"40\" alt=\"\" class=\"wp-image-243 alignnone size-full\" style=\"display: block; margin-left: auto; margin-right: auto;\" \/>\u00a0 \u00a0 \u00a0 \u00a0 \u00a0 \u00a0crt470000@gmail.com<\/p>\n<p>[\/et_pb_text][\/et_pb_column][\/et_pb_row][\/et_pb_section][et_pb_section fb_built=\u00bb1&#8243; fullwidth=\u00bbon\u00bb _builder_version=\u00bb4.4.1&#8243;][et_pb_fullwidth_slider arrows_custom_color=\u00bbrgba(0,0,0,0)\u00bb dot_nav_custom_color=\u00bbrgba(0,0,0,0)\u00bb _builder_version=\u00bb4.4.1&#8243; custom_padding=\u00bb9px|||||\u00bb animation_style=\u00bbfade\u00bb animation_duration=\u00bb300ms\u00bb animation_delay=\u00bb350ms\u00bb animation_speed_curve=\u00bbease\u00bb auto=\u00bbon\u00bb auto_speed=\u00bb6000&#8243;][et_pb_slide _builder_version=\u00bb4.4.1&#8243; background_color=\u00bb#5e5e5e\u00bb background_enable_color=\u00bbon\u00bb background_image=\u00bbhttps:\/\/radiotaxi470000.com\/w\/wp-content\/uploads\/2020\/04\/IBERDROLA-B.png\u00bb background_enable_image=\u00bbon\u00bb background_size=\u00bbinitial\u00bb][\/et_pb_slide][et_pb_slide _builder_version=\u00bb4.4.1&#8243; background_color=\u00bb#5e5e5e\u00bb background_enable_color=\u00bbon\u00bb background_image=\u00bbhttps:\/\/radiotaxi470000.com\/w\/wp-content\/uploads\/2020\/04\/logorepsolB.png\u00bb background_enable_image=\u00bbon\u00bb background_size=\u00bbinitial\u00bb][\/et_pb_slide][et_pb_slide _builder_version=\u00bb4.4.1&#8243; background_color=\u00bb#5e5e5e\u00bb background_enable_color=\u00bbon\u00bb background_image=\u00bbhttps:\/\/radiotaxi470000.com\/w\/wp-content\/uploads\/2020\/04\/LOGOTOYOTAb.png\u00bb background_enable_image=\u00bbon\u00bb background_size=\u00bbinitial\u00bb][\/et_pb_slide][\/et_pb_fullwidth_slider][\/et_pb_section]<\/p>\n","protected":false},"excerpt":{"rendered":"<p>[et_pb_section fb_built=\u00bb1&#8243; fullwidth=\u00bbon\u00bb _builder_version=\u00bb4.4.1&#8243;][et_pb_fullwidth_header title=\u00bbSu taxi al instante 24h\/365d\u00bb text_orientation=\u00bbcenter\u00bb button_one_text=\u00bb986 47 00 00&#8243; button_one_url=\u00bbhttps:\/\/web.whatsapp.com\/send?phone=34647470047&#038;text=\u00bb background_overlay_color=\u00bbrgba(43,43,43,0.37)\u00bb logo_image_url=\u00bbhttps:\/\/radiotaxi470000.com\/w\/wp-content\/uploads\/2020\/04\/logo-Taxi-peq.png\u00bb _builder_version=\u00bb4.4.1&#8243; title_font=\u00bb|700||on|||||\u00bb title_text_align=\u00bbcenter\u00bb title_font_size=\u00bb34px\u00bb subhead_text_align=\u00bbcenter\u00bb subhead_font_size=\u00bb26px\u00bb background_color=\u00bb#939393&#8243; background_color_gradient_direction=\u00bb90deg\u00bb background_image=\u00bbhttps:\/\/radiotaxi470000.com\/w\/wp-content\/uploads\/2020\/04\/taxiradiofront5.jpg\u00bb parallax=\u00bbon\u00bb custom_button_one=\u00bbon\u00bb button_one_text_size=\u00bb22px\u00bb button_one_bg_color=\u00bb#c62118&#8243; button_one_border_width=\u00bb0px\u00bb button_one_border_radius=\u00bb14px\u00bb button_one_letter_spacing=\u00bb0px\u00bb button_one_font=\u00bb|800|||||||\u00bb button_one_icon=\u00bb%%264%%\u00bb button_one_custom_margin=\u00bb32px||||false|false\u00bb button_one_custom_padding=\u00bb|||26px|false|false\u00bb custom_button_two=\u00bbon\u00bb button_two_border_width=\u00bb0px\u00bb button_two_font=\u00bb|700|||||||\u00bb background_last_edited=\u00bbon|desktop\u00bb background_image_tablet=\u00bbhttps:\/\/radiotaxi470000.com\/w\/wp-content\/uploads\/2020\/04\/taxiradiofront3-1.jpg\u00bb background_enable_image_tablet=\u00bbon\u00bb title_text_shadow_style=\u00bbpreset1&#8243; border_radii_image=\u00bboff|6px|6px|6px|6px\u00bb][\/et_pb_fullwidth_header][\/et_pb_section][et_pb_section fb_built=\u00bb1&#8243; _builder_version=\u00bb4.4.1&#8243; custom_padding=\u00bb||0px|||\u00bb][et_pb_row column_structure=\u00bb1_3,1_3,1_3&#8243; _builder_version=\u00bb4.4.1&#8243;][et_pb_column type=\u00bb1_3&#8243; _builder_version=\u00bb4.4.1&#8243;][et_pb_blurb title=\u00bbNosotros\u00bb use_icon=\u00bbon\u00bb font_icon=\u00bb%%259%%\u00bb [&hellip;]<\/p>\n","protected":false},"author":1,"featured_media":0,"parent":0,"menu_order":0,"comment_status":"closed","ping_status":"closed","template":"","meta":{"_et_pb_use_builder":"on","_et_pb_old_content":"","_et_gb_content_width":"","footnotes":""},"class_list":["post-6","page","type-page","status-publish","hentry"],"_links":{"self":[{"href":"https:\/\/radiotaxi470000.com\/w\/wp-json\/wp\/v2\/pages\/6","targetHints":{"allow":["GET"]}}],"collection":[{"href":"https:\/\/radiotaxi470000.com\/w\/wp-json\/wp\/v2\/pages"}],"about":[{"href":"https:\/\/radiotaxi470000.com\/w\/wp-json\/wp\/v2\/types\/page"}],"author":[{"embeddable":true,"href":"https:\/\/radiotaxi470000.com\/w\/wp-json\/wp\/v2\/users\/1"}],"replies":[{"embeddable":true,"href":"https:\/\/radiotaxi470000.com\/w\/wp-json\/wp\/v2\/comments?post=6"}],"version-history":[{"count":0,"href":"https:\/\/radiotaxi470000.com\/w\/wp-json\/wp\/v2\/pages\/6\/revisions"}],"wp:attachment":[{"href":"https:\/\/radiotaxi470000.com\/w\/wp-json\/wp\/v2\/media?parent=6"}],"curies":[{"name":"wp","href":"https:\/\/api.w.org\/{rel}","templated":true}]}}