{"id":17,"date":"2020-04-12T02:19:56","date_gmt":"2020-04-12T02:19:56","guid":{"rendered":"https:\/\/radiotaxi470000.com\/w\/?page_id=17"},"modified":"2026-02-05T19:02:12","modified_gmt":"2026-02-05T19:02:12","slug":"solicitar-servicio","status":"publish","type":"page","link":"https:\/\/radiotaxi470000.com\/w\/solicitar-servicio\/","title":{"rendered":"Solicitar Servicio"},"content":{"rendered":"<p>[et_pb_section fb_built=\u00bb1&#8243; fullwidth=\u00bbon\u00bb _builder_version=\u00bb4.4.1&#8243;][et_pb_fullwidth_header title=\u00bbGesti\u00f3n de flotas Dtaxis\u00bb _builder_version=\u00bb4.4.1&#8243; title_font=\u00bb|800||on|||||\u00bb title_font_size=\u00bb46px\u00bb background_color=\u00bb#c62118&#8243; custom_padding=\u00bb||18px|||\u00bb][\/et_pb_fullwidth_header][\/et_pb_section][et_pb_section fb_built=\u00bb1&#8243; _builder_version=\u00bb4.4.1&#8243; custom_padding=\u00bb4px||4px|||\u00bb][et_pb_row _builder_version=\u00bb4.4.1&#8243;][et_pb_column type=\u00bb4_4&#8243; _builder_version=\u00bb4.4.1&#8243;][et_pb_text _builder_version=\u00bb4.4.1&#8243; text_font_size=\u00bb20px\u00bb]<\/p>\n<div class=\"col-lg-12\">\n<p style=\"text-align: justify;\"><span style=\"color: #e20617;\">Central Radio\u00a0<\/span><span style=\"color: black;\">Taxi\u00a0<\/span><span style=\"color: #e20617;\">470000<\/span>\u00a0cuenta con el sistema de gesti\u00f3n de flotas de taxis m\u00e1s avanzado del mercado. Se trata de una\u00a0Aplicaci\u00f3n\u00a0que atiende a todas y cada una de las necesidades de los taxistas y los clientes.\u00a0<\/p>\n<p style=\"text-align: justify;\">Configurable\u00a0de forma totalmente personalizada.<\/p>\n<p style=\"text-align: justify;\">\n<\/div>\n<div class=\"col-lg-12\">\n<p style=\"text-align: justify;\">Sus clientes podr\u00e1n solicitar su taxi a trav\u00e9s de los siguientes canales:<\/p>\n<ul style=\"text-align: justify;\">\n<li>Puedes usar la opcion de automatico eligiendo entre tus dos ultimas direcciones.<\/li>\n<li>Llamada a centralita atendida por nuestra operadora virtual llamada Eliza a la cual debes decir la calle y el N\u00ba<\/li>\n<li>Llamada a centralita atendida por operadoras.<\/li>\n<li>WhatsApp.<\/li>\n<li>y muy pronto podras usar nuestra aplicacion.<\/li>\n<\/ul>\n<p>Tanto si es empresa como particular y desea pedir un taxi sin pasar por la espera de la centralita, le ofrecemos diferentes modalidades que se adaptan a sus necesidades. Para disfrutar de estas modalidades, debe darse de alta como\u00a0<strong>abonado<\/strong>\u00a0y as\u00ed disfrutar de todas las\u00a0<strong>ventajas<\/strong>\u00a0que le ofrece el Servicio de Atenci\u00f3n directa:<\/p>\n<p>&nbsp;<\/p>\n<ul>\n<li style=\"text-align: justify;\">Llamada a centralita autom\u00e1tica<\/li>\n<li style=\"text-align: justify;\">Aplicaci\u00f3n web y\/o m\u00f3vil espec\u00edfica para clientes abonados<\/li>\n<\/ul>\n<\/div>\n<p>[\/et_pb_text][et_pb_image src=\u00bbhttps:\/\/radiotaxi470000.com\/w\/wp-content\/uploads\/2026\/01\/Captura-de-pantalla-2026-01-14-180537.png\u00bb align=\u00bbcenter\u00bb _builder_version=\u00bb4.4.1&#8243;][\/et_pb_image][et_pb_image src=\u00bbhttps:\/\/radiotaxi470000.com\/w\/wp-content\/uploads\/2020\/04\/funcionamiento_dtaxis.png\u00bb align=\u00bbcenter\u00bb _builder_version=\u00bb4.4.1&#8243;][\/et_pb_image][\/et_pb_column][\/et_pb_row][et_pb_row _builder_version=\u00bb4.4.1&#8243;][et_pb_column type=\u00bb4_4&#8243; _builder_version=\u00bb4.4.1&#8243;][et_pb_text _builder_version=\u00bb4.4.1&#8243; text_font=\u00bb|700|||||||\u00bb text_text_color=\u00bb#c62118&#8243; header_font=\u00bb|700|||||||\u00bb header_3_font=\u00bb|700|||||||\u00bb header_3_text_color=\u00bb#c62118&#8243;]<\/p>\n<h3 class=\"text-danger lato\">Llamada a operadora<\/h3>\n<p>[\/et_pb_text][et_pb_text _builder_version=\u00bb4.4.1&#8243; text_font_size=\u00bb20px\u00bb]<\/p>\n<div class=\"col-lg-12 col-lg-offset-1\">\n<p>La manera cl\u00e1sica de pedir un taxi, desde cualquier lugar puede hacernos una llamada y esta ser\u00e1 atendida al momento por nuestras operadoras. La forma de solicitar un taxi es la siguiente: Realiza una llamada que es atendida en modo autom\u00e1tico, poni\u00e9ndola en cola de espera si es el caso. Le solicita el servicio a la operadora. Recuerde si desea alguna condici\u00f3n especial, como transportar un animal, maletero amplio, Eurotaxi, etc.<\/p>\n<p style=\"text-align: justify;\">Nuestras operadoras resolver\u00e1n todas sus dudas. La llamada pasa a la cola de salida mientras se localiza el taxi m\u00e1s cercano que se ajusta a sus necesidades. La voz autom\u00e1tica le indica el n\u00famero del taxi que est\u00e1 realizando el servicio.<\/p>\n<\/div>\n<p>[\/et_pb_text][\/et_pb_column][\/et_pb_row][\/et_pb_section][et_pb_section fb_built=\u00bb1&#8243; _builder_version=\u00bb4.4.1&#8243; custom_padding=\u00bb0px|||||\u00bb][et_pb_row disabled_on=\u00bbon|on|on\u00bb _builder_version=\u00bb4.4.1&#8243; custom_padding=\u00bb25px|||||\u00bb disabled=\u00bbon\u00bb][et_pb_column type=\u00bb4_4&#8243; _builder_version=\u00bb4.4.1&#8243;][et_pb_text _builder_version=\u00bb4.4.1&#8243; text_font=\u00bb|700|||||||\u00bb text_text_color=\u00bb#c62118&#8243; header_font=\u00bb|700|||||||\u00bb header_3_font=\u00bb|700|||||||\u00bb header_3_text_color=\u00bb#c62118&#8243; custom_padding=\u00bb||0px|||\u00bb]<\/p>\n<h3 class=\"text-danger lato\">Pidetaxi<\/h3>\n<p>[\/et_pb_text][et_pb_text _builder_version=\u00bb4.4.1&#8243; text_font_size=\u00bb20px\u00bb]<\/p>\n<p style=\"text-align: justify;\">La comodidad de pedir tu taxi desde el smartphone, sin hacer cola, sin esperar y con confirmaci\u00f3n de la licencia que te va a recoger. As\u00ed de sencillo y c\u00f3modo<\/p>\n<p>[\/et_pb_text][et_pb_image src=\u00bbhttps:\/\/radiotaxi470000.com\/w\/wp-content\/uploads\/2020\/04\/pidetaxi.png\u00bb url=\u00bbhttps:\/\/pidetaxi.es\/apps\u00bb url_new_window=\u00bbon\u00bb align=\u00bbcenter\u00bb _builder_version=\u00bb4.4.1&#8243; width=\u00bb93%\u00bb max_width=\u00bb83%\u00bb][\/et_pb_image][\/et_pb_column][\/et_pb_row][et_pb_row _builder_version=\u00bb4.4.1&#8243;][et_pb_column type=\u00bb4_4&#8243; _builder_version=\u00bb4.4.1&#8243;][et_pb_text _builder_version=\u00bb4.4.1&#8243; text_font=\u00bb|700|||||||\u00bb header_3_font=\u00bb|700|||||||\u00bb header_3_text_color=\u00bb#c62118&#8243;]<\/p>\n<h3 class=\"text-danger lato\">Abonados<\/h3>\n<p>[\/et_pb_text][et_pb_text _builder_version=\u00bb4.4.1&#8243; text_font=\u00bb||||||||\u00bb text_font_size=\u00bb20px\u00bb header_3_font=\u00bb|700|||||||\u00bb header_3_text_color=\u00bb#c62118&#8243;]<\/p>\n<div class=\"col-lg-12 col-lg-offset-1\">\n<p style=\"text-align: justify;\">Acceda a nuestra aplicaci\u00f3n web\/m\u00f3vil especial para pedir un taxi. Si es un negocio y dispone de conexi\u00f3n a internet, solicite que le configuremos la posibilidad de realizar usted mismo la petici\u00f3n de servicio. Este tipo de atenci\u00f3n est\u00e1 especialmente pensada para negocios<\/p>\n<p style=\"text-align: justify;\">\n<\/div>\n<div class=\"col-lg-8 col-lg-offset-2\">\n<ul>\n<li style=\"text-align: justify;\">Direcci\u00f3n de recogida habitual<\/li>\n<li style=\"text-align: justify;\">Con requerimientos para el servicio<\/li>\n<li style=\"text-align: justify;\">C\u00f3modo para negocios como restaurantes, peluquer\u00edas, etc.<\/li>\n<li style=\"text-align: justify;\">Posibilidad de indicar notas adicionales al servicio<\/li>\n<li style=\"text-align: justify;\">Impresi\u00f3n de ticket comprobante del servicio<\/li>\n<li>\n<p style=\"text-align: justify;\">Facturaci\u00f3n mensual o por trayecto finalizado<\/p>\n<\/li>\n<\/ul>\n<\/div>\n<p>[\/et_pb_text][\/et_pb_column][\/et_pb_row][\/et_pb_section]<\/p>\n","protected":false},"excerpt":{"rendered":"<p>[et_pb_section fb_built=\u00bb1&#8243; fullwidth=\u00bbon\u00bb _builder_version=\u00bb4.4.1&#8243;][et_pb_fullwidth_header title=\u00bbGesti\u00f3n de flotas Dtaxis\u00bb _builder_version=\u00bb4.4.1&#8243; title_font=\u00bb|800||on|||||\u00bb title_font_size=\u00bb46px\u00bb background_color=\u00bb#c62118&#8243; custom_padding=\u00bb||18px|||\u00bb][\/et_pb_fullwidth_header][\/et_pb_section][et_pb_section fb_built=\u00bb1&#8243; _builder_version=\u00bb4.4.1&#8243; custom_padding=\u00bb4px||4px|||\u00bb][et_pb_row _builder_version=\u00bb4.4.1&#8243;][et_pb_column type=\u00bb4_4&#8243; _builder_version=\u00bb4.4.1&#8243;][et_pb_text _builder_version=\u00bb4.4.1&#8243; text_font_size=\u00bb20px\u00bb] Central Radio\u00a0Taxi\u00a0470000\u00a0cuenta con el sistema de gesti\u00f3n de flotas de taxis m\u00e1s avanzado del mercado. Se trata de una\u00a0Aplicaci\u00f3n\u00a0que atiende a todas y cada una de las necesidades de los taxistas y los clientes.\u00a0 [&hellip;]<\/p>\n","protected":false},"author":1,"featured_media":0,"parent":0,"menu_order":0,"comment_status":"closed","ping_status":"closed","template":"","meta":{"_et_pb_use_builder":"on","_et_pb_old_content":"","_et_gb_content_width":"","footnotes":""},"class_list":["post-17","page","type-page","status-publish","hentry"],"_links":{"self":[{"href":"https:\/\/radiotaxi470000.com\/w\/wp-json\/wp\/v2\/pages\/17","targetHints":{"allow":["GET"]}}],"collection":[{"href":"https:\/\/radiotaxi470000.com\/w\/wp-json\/wp\/v2\/pages"}],"about":[{"href":"https:\/\/radiotaxi470000.com\/w\/wp-json\/wp\/v2\/types\/page"}],"author":[{"embeddable":true,"href":"https:\/\/radiotaxi470000.com\/w\/wp-json\/wp\/v2\/users\/1"}],"replies":[{"embeddable":true,"href":"https:\/\/radiotaxi470000.com\/w\/wp-json\/wp\/v2\/comments?post=17"}],"version-history":[{"count":0,"href":"https:\/\/radiotaxi470000.com\/w\/wp-json\/wp\/v2\/pages\/17\/revisions"}],"wp:attachment":[{"href":"https:\/\/radiotaxi470000.com\/w\/wp-json\/wp\/v2\/media?parent=17"}],"curies":[{"name":"wp","href":"https:\/\/api.w.org\/{rel}","templated":true}]}}