{"id":11,"date":"2020-04-12T02:18:36","date_gmt":"2020-04-12T02:18:36","guid":{"rendered":"https:\/\/radiotaxi470000.com\/w\/?page_id=11"},"modified":"2024-01-02T17:12:27","modified_gmt":"2024-01-02T17:12:27","slug":"servicios","status":"publish","type":"page","link":"https:\/\/radiotaxi470000.com\/w\/servicios\/","title":{"rendered":"Servicios"},"content":{"rendered":"<p>[et_pb_section fb_built=\u00bb1&#8243; fullwidth=\u00bbon\u00bb _builder_version=\u00bb4.4.1&#8243;][et_pb_fullwidth_header title=\u00bbNuestros Servicios\u00bb _builder_version=\u00bb4.4.1&#8243; title_level=\u00bbh4&#8243; title_font=\u00bb|800||on|||||\u00bb title_text_align=\u00bbleft\u00bb title_text_color=\u00bb#ffffff\u00bb title_font_size=\u00bb46px\u00bb content_text_color=\u00bb#2b2b2b\u00bb content_font_size=\u00bb23px\u00bb background_color=\u00bb#c62118&#8243; custom_padding=\u00bb||19px|||\u00bb]<\/p>\n<p style=\"text-align: justify;\"><span><\/span><\/p>\n<p style=\"text-align: justify;\">[\/et_pb_fullwidth_header][\/et_pb_section][et_pb_section fb_built=\u00bb1&#8243; _builder_version=\u00bb4.4.1&#8243;][et_pb_row _builder_version=\u00bb4.4.1&#8243; custom_margin=\u00bb-48px|auto||auto||\u00bb][et_pb_column type=\u00bb4_4&#8243; _builder_version=\u00bb4.4.1&#8243;][et_pb_text _builder_version=\u00bb4.4.1&#8243; text_font_size=\u00bb19px\u00bb header_font=\u00bb|600|||||||\u00bb]<\/p>\n<p style=\"text-align: justify;\"><span>Radio Taxi 47 00 00 puede atender m\u00e1s r\u00e1pido y proporcionarle el taxi que se adapte a sus necesidades. A continuaci\u00f3n se muestran los diferentes tipos de servicio que prestamos. Si usted tiene alguna consulta espec\u00edfica, no dude en ponerse en contacto con nosotros, estaremos encantados de atenderle.<\/span><\/p>\n<p>[\/et_pb_text][\/et_pb_column][\/et_pb_row][\/et_pb_section][et_pb_section fb_built=\u00bb1&#8243; _builder_version=\u00bb4.4.1&#8243; custom_padding=\u00bb||0px|||\u00bb][et_pb_row column_structure=\u00bb1_3,1_3,1_3&#8243; _builder_version=\u00bb4.4.1&#8243; min_height=\u00bb1357px\u00bb custom_margin=\u00bb-94px|auto||auto||\u00bb][et_pb_column type=\u00bb1_3&#8243; _builder_version=\u00bb4.4.1&#8243;][et_pb_blurb title=\u00bbServicios urbanos\u00bb image=\u00bbhttps:\/\/radiotaxi470000.com\/w\/wp-content\/uploads\/2020\/04\/radiotaxiserviciourbano.jpg\u00bb _builder_version=\u00bb4.4.1&#8243; header_font=\u00bb|800||on|||||\u00bb header_text_align=\u00bbcenter\u00bb header_text_color=\u00bb#c62118&#8243;]<\/p>\n<ul>\n<li style=\"text-align: justify;\">Servicios puerta a puerta con los precios m\u00e1s ajustados del mercado.<\/li>\n<li style=\"text-align: justify;\">Disponemos de taxis en todas las paradas de la ciudad para estar siempre cerca del cliente.<\/li>\n<\/ul>\n<p>[\/et_pb_blurb][et_pb_blurb title=\u00bbAeropuertos y Estaciones\u00bb image=\u00bbhttps:\/\/radiotaxi470000.com\/w\/wp-content\/uploads\/2020\/04\/taxiradioaeropuert.jpg\u00bb _builder_version=\u00bb4.4.1&#8243; header_font=\u00bb|800||on|||||\u00bb header_text_align=\u00bbcenter\u00bb header_text_color=\u00bb#c62118&#8243;]<\/p>\n<ul>\n<li>Recogida concertada en aeropuertos y estaciones.<\/li>\n<li>Le llevamos o recogemos en cualquier estaci\u00f3n o aeropuerto que necesite.<\/li>\n<li>Le esperamos a la llegada de su vuelo y le enviamos el tipo de taxi que nos solicite. Gran turismo, berlina, monovolumen o eurotaxi.<\/li>\n<\/ul>\n<p>[\/et_pb_blurb][et_pb_blurb title=\u00bbMutuas y seguros\u00bb image=\u00bbhttps:\/\/radiotaxi470000.com\/w\/wp-content\/uploads\/2020\/04\/taxiradioaeropuert.jpg\u00bb _builder_version=\u00bb4.4.1&#8243; header_font=\u00bb|800||on|||||\u00bb header_text_align=\u00bbcenter\u00bb header_text_color=\u00bb#c62118&#8243;]<\/p>\n<ul>\n<li>Mutuas de accidentes de trabajo.<\/li>\n<li>Seguros m\u00e9dicos.<\/li>\n<li>Asistencias en viaje.<\/li>\n<\/ul>\n<p>[\/et_pb_blurb][\/et_pb_column][et_pb_column type=\u00bb1_3&#8243; _builder_version=\u00bb4.4.1&#8243;][et_pb_blurb title=\u00bbServicios para abonados\u00bb image=\u00bbhttps:\/\/radiotaxi470000.com\/w\/wp-content\/uploads\/2020\/04\/radiotaxiarreglo.jpg\u00bb _builder_version=\u00bb4.4.1&#8243; header_font=\u00bb|800||on|||||\u00bb header_text_align=\u00bbcenter\u00bb header_text_color=\u00bb#c62118&#8243;]<\/p>\n<ul>\n<li>Facturaci\u00f3n mensual con detalle de servicios realizados.<\/li>\n<li>Gesti\u00f3n de usuarios.<\/li>\n<li>Aplicaci\u00f3n web para solicitar servicios.<\/li>\n<li>Gesti\u00f3n rutas habituales<\/li>\n<\/ul>\n<p>[\/et_pb_blurb][et_pb_blurb title=\u00bbDocumentos y valijas\u00bb image=\u00bbhttps:\/\/radiotaxi470000.com\/w\/wp-content\/uploads\/2020\/04\/taxiradiopavalija.jpg\u00bb _builder_version=\u00bb4.4.1&#8243; header_font=\u00bb|800||on|||||\u00bb header_text_align=\u00bbcenter\u00bb header_text_color=\u00bb#c62118&#8243;]<\/p>\n<ul>\n<li>Utilice nuestros coches para llevar documentaci\u00f3n, es el sistema m\u00e1s r\u00e1pido, barato y eficaz.<\/li>\n<li>Recogemos y entregamos donde nos indique cualquier tipo de documentaci\u00f3n (valijas peri\u00f3dicas, documentos notariales, abogados, procuradores, bancos, etc.).<\/li>\n<\/ul>\n<p>[\/et_pb_blurb][et_pb_blurb title=\u00bbAsistencia a todo tipo de eventos\u00bb image=\u00bbhttps:\/\/radiotaxi470000.com\/w\/wp-content\/uploads\/2020\/04\/taxiradiopavalija.jpg\u00bb _builder_version=\u00bb4.4.1&#8243; header_font=\u00bb|800||on|||||\u00bb header_text_align=\u00bbcenter\u00bb header_text_color=\u00bb#c62118&#8243;]<\/p>\n<ul>\n<li>Bodas y banquetes.<\/li>\n<li>Congresos.<\/li>\n<li>Ferias.<\/li>\n<li>Excursiones.<\/li>\n<li>Acontecimientos culturales y deportivos.<\/li>\n<\/ul>\n<p>[\/et_pb_blurb][\/et_pb_column][et_pb_column type=\u00bb1_3&#8243; _builder_version=\u00bb4.4.1&#8243;][et_pb_blurb title=\u00bbExcursiones\u00bb image=\u00bbhttps:\/\/radiotaxi470000.com\/w\/wp-content\/uploads\/2020\/04\/taxiradioexcursiones.jpg\u00bb _builder_version=\u00bb4.4.1&#8243; header_font=\u00bb|800||on|||||\u00bb header_text_align=\u00bbcenter\u00bb header_text_color=\u00bb#c62118&#8243;]<\/p>\n<ul>\n<li>Rutas para conocer Vigo y alrededores<\/li>\n<li>Puede confeccionar su ruta con precios muy ajustados y sin competencia.<\/li>\n<\/ul>\n<p>&nbsp;<\/p>\n<p>&nbsp;<\/p>\n<p>[\/et_pb_blurb][et_pb_blurb title=\u00bbServicios especiales para empresas\u00bb image=\u00bbhttps:\/\/radiotaxi470000.com\/w\/wp-content\/uploads\/2020\/04\/radiotaxiempresas.jpg\u00bb _builder_version=\u00bb4.4.1&#8243; header_font=\u00bb|800||on|||||\u00bb header_text_align=\u00bbcenter\u00bb header_text_color=\u00bb#c62118&#8243;]<\/p>\n<ul>\n<li>Traslados de personal entre diferentes centros de trabajo.<\/li>\n<li>Experiencia en organizaci\u00f3n de traslados de grupos.<\/li>\n<li>Facturaci\u00f3n detallada con posibilidad de bonificaci\u00f3n por volumen.<\/li>\n<\/ul>\n<p>[\/et_pb_blurb][et_pb_blurb title=\u00bbAyuda a la dependencia\u00bb image=\u00bbhttps:\/\/radiotaxi470000.com\/w\/wp-content\/uploads\/2020\/04\/taxiradiofinanzas.jpg\u00bb _builder_version=\u00bb4.4.1&#8243; header_font=\u00bb|800||on|||||\u00bb header_text_align=\u00bbcenter\u00bb header_text_color=\u00bb#c62118&#8243;]<\/p>\n<ul>\n<li>Consultas m\u00e9dicas.<\/li>\n<li>Recogida y traslado a centros de d\u00eda.<\/li>\n<li>Taxi adaptado.<\/li>\n<\/ul>\n<p>[\/et_pb_blurb][\/et_pb_column][\/et_pb_row][et_pb_row column_structure=\u00bb1_3,1_3,1_3&#8243; _builder_version=\u00bb4.4.1&#8243; custom_margin=\u00bb-72px|auto||auto||\u00bb][et_pb_column type=\u00bb1_3&#8243; _builder_version=\u00bb4.4.1&#8243;][et_pb_blurb title=\u00bbESCOLARES\u00bb image=\u00bbhttps:\/\/radiotaxi470000.com\/w\/wp-content\/uploads\/2020\/04\/taxiradioescuela.jpg\u00bb _builder_version=\u00bb4.4.1&#8243; header_font=\u00bb|800||on|||||\u00bb header_text_align=\u00bbcenter\u00bb header_text_color=\u00bb#c62118&#8243;]<\/p>\n<ul>\n<li style=\"text-align: justify;\">Llevamos a su hijo a cualquier centro escolar.<\/li>\n<li style=\"text-align: justify;\">Lo recogemos a la hora concertada en el centro escolar.<\/li>\n<li style=\"text-align: justify;\">Trato profesional y humano.<\/li>\n<li style=\"text-align: justify;\">Confirmaci\u00f3n telef\u00f3nica de llegada.<\/li>\n<\/ul>\n<p>[\/et_pb_blurb][\/et_pb_column][et_pb_column type=\u00bb1_3&#8243; _builder_version=\u00bb4.4.1&#8243;][et_pb_blurb title=\u00bbSERVICIOS ESPECIALES\u00bb image=\u00bbhttps:\/\/radiotaxi470000.com\/w\/wp-content\/uploads\/2020\/04\/taxiradioserviciosvarios.jpg\u00bb _builder_version=\u00bb4.4.1&#8243; header_font=\u00bb|800||||on|||\u00bb header_text_align=\u00bbcenter\u00bb header_text_color=\u00bb#c62118&#8243;]<\/p>\n<ul>\n<li style=\"text-align: justify;\">Coche piloto (transportes especiales).<\/li>\n<li style=\"text-align: justify;\">Acompa\u00f1amiento en sepelios (funerales).<\/li>\n<li style=\"text-align: justify;\">Servicio de pinza para arranque de coches.<\/li>\n<li style=\"text-align: justify;\">Transporte garrafas de combustible<\/li>\n<\/ul>\n<p>[\/et_pb_blurb][\/et_pb_column][et_pb_column type=\u00bb1_3&#8243; _builder_version=\u00bb4.4.1&#8243;][et_pb_blurb title=\u00bbMascotas\u00bb image=\u00bbhttps:\/\/radiotaxi470000.com\/w\/wp-content\/uploads\/2020\/04\/FB_IMG_1549007868743.jpg\u00bb _builder_version=\u00bb4.4.1&#8243; header_font=\u00bb|800||on|||||\u00bb header_text_align=\u00bbcenter\u00bb header_text_color=\u00bb#c62118&#8243;]<\/p>\n<ul>\n<li style=\"text-align: justify;\">Llevamos a su mascota a cualquier lugar que nos indique.<\/li>\n<li style=\"text-align: justify;\">Lo recogemos a la hora que nos indique.<\/li>\n<li>Le damos el mejor cuidado<\/li>\n<\/ul>\n<p>[\/et_pb_blurb][\/et_pb_column][\/et_pb_row][\/et_pb_section]<\/p>\n","protected":false},"excerpt":{"rendered":"<p>[et_pb_section fb_built=\u00bb1&#8243; fullwidth=\u00bbon\u00bb _builder_version=\u00bb4.4.1&#8243;][et_pb_fullwidth_header title=\u00bbNuestros Servicios\u00bb _builder_version=\u00bb4.4.1&#8243; title_level=\u00bbh4&#8243; title_font=\u00bb|800||on|||||\u00bb title_text_align=\u00bbleft\u00bb title_text_color=\u00bb#ffffff\u00bb title_font_size=\u00bb46px\u00bb content_text_color=\u00bb#2b2b2b\u00bb content_font_size=\u00bb23px\u00bb background_color=\u00bb#c62118&#8243; custom_padding=\u00bb||19px|||\u00bb] [\/et_pb_fullwidth_header][\/et_pb_section][et_pb_section fb_built=\u00bb1&#8243; _builder_version=\u00bb4.4.1&#8243;][et_pb_row _builder_version=\u00bb4.4.1&#8243; custom_margin=\u00bb-48px|auto||auto||\u00bb][et_pb_column type=\u00bb4_4&#8243; _builder_version=\u00bb4.4.1&#8243;][et_pb_text _builder_version=\u00bb4.4.1&#8243; text_font_size=\u00bb19px\u00bb header_font=\u00bb|600|||||||\u00bb] Radio Taxi 47 00 00 puede atender m\u00e1s r\u00e1pido y proporcionarle el taxi que se adapte a sus necesidades. A continuaci\u00f3n se muestran los diferentes tipos de servicio que [&hellip;]<\/p>\n","protected":false},"author":1,"featured_media":0,"parent":0,"menu_order":0,"comment_status":"closed","ping_status":"closed","template":"","meta":{"_et_pb_use_builder":"on","_et_pb_old_content":"","_et_gb_content_width":"","footnotes":""},"class_list":["post-11","page","type-page","status-publish","hentry"],"_links":{"self":[{"href":"https:\/\/radiotaxi470000.com\/w\/wp-json\/wp\/v2\/pages\/11","targetHints":{"allow":["GET"]}}],"collection":[{"href":"https:\/\/radiotaxi470000.com\/w\/wp-json\/wp\/v2\/pages"}],"about":[{"href":"https:\/\/radiotaxi470000.com\/w\/wp-json\/wp\/v2\/types\/page"}],"author":[{"embeddable":true,"href":"https:\/\/radiotaxi470000.com\/w\/wp-json\/wp\/v2\/users\/1"}],"replies":[{"embeddable":true,"href":"https:\/\/radiotaxi470000.com\/w\/wp-json\/wp\/v2\/comments?post=11"}],"version-history":[{"count":0,"href":"https:\/\/radiotaxi470000.com\/w\/wp-json\/wp\/v2\/pages\/11\/revisions"}],"wp:attachment":[{"href":"https:\/\/radiotaxi470000.com\/w\/wp-json\/wp\/v2\/media?parent=11"}],"curies":[{"name":"wp","href":"https:\/\/api.w.org\/{rel}","templated":true}]}}